{"id":111,"date":"2012-11-05T02:27:54","date_gmt":"2012-11-05T02:27:54","guid":{"rendered":"http:\/\/estrategiaevp.com\/?page_id=111"},"modified":"2016-12-28T18:13:41","modified_gmt":"2016-12-28T18:13:41","slug":"vision","status":"publish","type":"page","link":"http:\/\/estrategiaevp.com\/?page_id=111","title":{"rendered":"Visi\u00f3n"},"content":{"rendered":"<p><strong>Nuestra\u00a0<\/strong><strong>Visi\u00f3n<\/strong><\/p>\n<p>Brindar un servicio \u00fanico que marque la diferencia en el mercado<br \/>\nde Estacionamientos y Valet Parking a nivel profesional en la<br \/>\nRep\u00fablica Mexicana de altura, conservar a nuestros clientes<br \/>\nofreci\u00e9ndoles\u00a0una mayor gama de servicios y crecer de manera<br \/>\nexponencial junto con nuestros clientes, acrecentando nuestros<br \/>\nalcances y clientes propios y nuevos<\/p>\n<p><a href=\"http:\/\/estrategiaevp.com\/wp-content\/uploads\/2012\/11\/EDICION-DE-FOTOS-SITIO-WEB-ESTRATEGIA-3.png\"><img loading=\"lazy\" decoding=\"async\" class=\"alignnone wp-image-113\" title=\"EDICION DE FOTOS SITIO WEB ESTRATEGIA 3\" src=\"http:\/\/estrategiaevp.com\/wp-content\/uploads\/2012\/11\/EDICION-DE-FOTOS-SITIO-WEB-ESTRATEGIA-3.png\" alt=\"\" width=\"741\" height=\"495\" srcset=\"http:\/\/estrategiaevp.com\/wp-content\/uploads\/2012\/11\/EDICION-DE-FOTOS-SITIO-WEB-ESTRATEGIA-3.png 2941w, http:\/\/estrategiaevp.com\/wp-content\/uploads\/2012\/11\/EDICION-DE-FOTOS-SITIO-WEB-ESTRATEGIA-3-300x200.png 300w, http:\/\/estrategiaevp.com\/wp-content\/uploads\/2012\/11\/EDICION-DE-FOTOS-SITIO-WEB-ESTRATEGIA-3-1024x683.png 1024w, http:\/\/estrategiaevp.com\/wp-content\/uploads\/2012\/11\/EDICION-DE-FOTOS-SITIO-WEB-ESTRATEGIA-3-218x146.png 218w, http:\/\/estrategiaevp.com\/wp-content\/uploads\/2012\/11\/EDICION-DE-FOTOS-SITIO-WEB-ESTRATEGIA-3-460x307.png 460w, http:\/\/estrategiaevp.com\/wp-content\/uploads\/2012\/11\/EDICION-DE-FOTOS-SITIO-WEB-ESTRATEGIA-3-50x33.png 50w, http:\/\/estrategiaevp.com\/wp-content\/uploads\/2012\/11\/EDICION-DE-FOTOS-SITIO-WEB-ESTRATEGIA-3-526x351.png 526w, http:\/\/estrategiaevp.com\/wp-content\/uploads\/2012\/11\/EDICION-DE-FOTOS-SITIO-WEB-ESTRATEGIA-3-74x50.png 74w, http:\/\/estrategiaevp.com\/wp-content\/uploads\/2012\/11\/EDICION-DE-FOTOS-SITIO-WEB-ESTRATEGIA-3-134x90.png 134w\" sizes=\"auto, (max-width: 741px) 100vw, 741px\" \/><\/a><\/p>\n","protected":false},"excerpt":{"rendered":"<p>Nuestra\u00a0Visi\u00f3n Brindar un servicio \u00fanico que marque la diferencia en el mercado de Estacionamientos y Valet Parking a nivel profesional en la Rep\u00fablica Mexicana de altura, conservar a nuestros clientes ofreci\u00e9ndoles\u00a0una mayor gama de servicios y crecer de manera exponencial junto con nuestros clientes, acrecentando nuestros alcances y clientes propios y nuevos<\/p>\n","protected":false},"author":1,"featured_media":113,"parent":6,"menu_order":2,"comment_status":"open","ping_status":"open","template":"","meta":{"footnotes":""},"class_list":["post-111","page","type-page","status-publish","has-post-thumbnail","hentry"],"_links":{"self":[{"href":"http:\/\/estrategiaevp.com\/index.php?rest_route=\/wp\/v2\/pages\/111","targetHints":{"allow":["GET"]}}],"collection":[{"href":"http:\/\/estrategiaevp.com\/index.php?rest_route=\/wp\/v2\/pages"}],"about":[{"href":"http:\/\/estrategiaevp.com\/index.php?rest_route=\/wp\/v2\/types\/page"}],"author":[{"embeddable":true,"href":"http:\/\/estrategiaevp.com\/index.php?rest_route=\/wp\/v2\/users\/1"}],"replies":[{"embeddable":true,"href":"http:\/\/estrategiaevp.com\/index.php?rest_route=%2Fwp%2Fv2%2Fcomments&post=111"}],"version-history":[{"count":8,"href":"http:\/\/estrategiaevp.com\/index.php?rest_route=\/wp\/v2\/pages\/111\/revisions"}],"predecessor-version":[{"id":588,"href":"http:\/\/estrategiaevp.com\/index.php?rest_route=\/wp\/v2\/pages\/111\/revisions\/588"}],"up":[{"embeddable":true,"href":"http:\/\/estrategiaevp.com\/index.php?rest_route=\/wp\/v2\/pages\/6"}],"wp:featuredmedia":[{"embeddable":true,"href":"http:\/\/estrategiaevp.com\/index.php?rest_route=\/wp\/v2\/media\/113"}],"wp:attachment":[{"href":"http:\/\/estrategiaevp.com\/index.php?rest_route=%2Fwp%2Fv2%2Fmedia&parent=111"}],"curies":[{"name":"wp","href":"https:\/\/api.w.org\/{rel}","templated":true}]}}