{"id":8,"date":"2012-11-01T17:26:49","date_gmt":"2012-11-01T17:26:49","guid":{"rendered":"http:\/\/estrategiaevp.com\/?page_id=8"},"modified":"2016-09-25T21:57:09","modified_gmt":"2016-09-25T21:57:09","slug":"servicios","status":"publish","type":"page","link":"http:\/\/estrategiaevp.com\/?page_id=8","title":{"rendered":"Servicios"},"content":{"rendered":"<p>Nuestros servicios se han incrementando en base a las necesidades de nuestros clientes,<\/p>\n<p>que se acrecentan cada\u00a0d\u00eda, lo que nos obliga a aumentar la gama de posibilidades para<br \/>\nofrecerle\u00a0m\u00faltiples\u00a0soluciones bajo un mismo techo<\/p>\n<p><strong>Estacionamientos \u00a0 \u00a0 \u00a0 \u00a0 \u00a0 \u00a0 \u00a0 Valet Parking \u00a0 \u00a0 \u00a0 \u00a0 \u00a0 \u00a0 \u00a0 \u00a0<\/strong><strong>Automatizaci\u00f3n<\/strong><\/p>\n<p>Administraci\u00f3n<\/p>\n<ul>\n<li>Desarrollo<\/li>\n<li>Operaci\u00f3n de estacionamientos p\u00fablicos y privados.<\/li>\n<li>Pensiones individuales, grupos y flotillas.<\/li>\n<li>Valet Parking para eventos y negocios.<\/li>\n<li>Floor Valet<\/li>\n<li>para optimizar los espacios y operaci\u00f3n de estacionamientos.<\/li>\n<li>Automatizaci\u00f3n y control de operaciones.<\/li>\n<\/ul>\n","protected":false},"excerpt":{"rendered":"<p>Nuestros servicios se han incrementando en base a las necesidades de nuestros clientes, que se acrecentan cada\u00a0d\u00eda, lo que nos obliga a aumentar la gama de posibilidades para ofrecerle\u00a0m\u00faltiples\u00a0soluciones bajo un mismo techo Estacionamientos \u00a0 \u00a0 \u00a0 \u00a0 \u00a0 \u00a0 \u00a0 Valet Parking \u00a0 \u00a0 \u00a0 \u00a0 \u00a0 \u00a0 \u00a0 \u00a0Automatizaci\u00f3n Administraci\u00f3n Desarrollo Operaci\u00f3n de [&hellip;]<\/p>\n","protected":false},"author":1,"featured_media":0,"parent":0,"menu_order":0,"comment_status":"open","ping_status":"open","template":"","meta":{"footnotes":""},"class_list":["post-8","page","type-page","status-publish","hentry"],"_links":{"self":[{"href":"http:\/\/estrategiaevp.com\/index.php?rest_route=\/wp\/v2\/pages\/8","targetHints":{"allow":["GET"]}}],"collection":[{"href":"http:\/\/estrategiaevp.com\/index.php?rest_route=\/wp\/v2\/pages"}],"about":[{"href":"http:\/\/estrategiaevp.com\/index.php?rest_route=\/wp\/v2\/types\/page"}],"author":[{"embeddable":true,"href":"http:\/\/estrategiaevp.com\/index.php?rest_route=\/wp\/v2\/users\/1"}],"replies":[{"embeddable":true,"href":"http:\/\/estrategiaevp.com\/index.php?rest_route=%2Fwp%2Fv2%2Fcomments&post=8"}],"version-history":[{"count":8,"href":"http:\/\/estrategiaevp.com\/index.php?rest_route=\/wp\/v2\/pages\/8\/revisions"}],"predecessor-version":[{"id":540,"href":"http:\/\/estrategiaevp.com\/index.php?rest_route=\/wp\/v2\/pages\/8\/revisions\/540"}],"wp:attachment":[{"href":"http:\/\/estrategiaevp.com\/index.php?rest_route=%2Fwp%2Fv2%2Fmedia&parent=8"}],"curies":[{"name":"wp","href":"https:\/\/api.w.org\/{rel}","templated":true}]}}